{"id":82,"date":"2019-02-07T14:50:54","date_gmt":"2019-02-07T13:50:54","guid":{"rendered":"https:\/\/triathlondesaintraphael.fr\/?page_id=82"},"modified":"2025-09-26T14:24:04","modified_gmt":"2025-09-26T13:24:04","slug":"resultats","status":"publish","type":"page","link":"https:\/\/triathlondesaintraphael.fr\/it\/resultats\/","title":{"rendered":"Risultati"},"content":{"rendered":"<div data-elementor-type=\"wp-page\" data-elementor-id=\"82\" class=\"elementor elementor-82\" data-elementor-settings=\"{&quot;ha_cmc_init_switcher&quot;:&quot;no&quot;}\">\n\t\t\t\t\t\t<section class=\"elementor-section elementor-top-section elementor-element elementor-element-e58e864 elementor-section-full_width elementor-section-height-default elementor-section-height-default\" data-id=\"e58e864\" data-element_type=\"section\" data-e-type=\"section\" data-settings=\"{&quot;background_background&quot;:&quot;classic&quot;,&quot;_ha_eqh_enable&quot;:false}\">\n\t\t\t\t\t\t<div class=\"elementor-container elementor-column-gap-default\">\n\t\t\t\t\t<div class=\"elementor-column elementor-col-100 elementor-top-column elementor-element elementor-element-5ea822b\" data-id=\"5ea822b\" data-element_type=\"column\" data-e-type=\"column\">\n\t\t\t<div class=\"elementor-widget-wrap elementor-element-populated\">\n\t\t\t\t\t\t<div class=\"elementor-element elementor-element-178fed5 elementor-widget elementor-widget-spacer\" data-id=\"178fed5\" data-element_type=\"widget\" data-e-type=\"widget\" data-widget_type=\"spacer.default\">\n\t\t\t\t<div class=\"elementor-widget-container\">\n\t\t\t\t\t\t\t<div class=\"elementor-spacer\">\n\t\t\t<div class=\"elementor-spacer-inner\"><\/div>\n\t\t<\/div>\n\t\t\t\t\t\t<\/div>\n\t\t\t\t<\/div>\n\t\t\t\t\t<\/div>\n\t\t<\/div>\n\t\t\t\t\t<\/div>\n\t\t<\/section>\n\t\t\t\t<section class=\"elementor-section elementor-top-section elementor-element elementor-element-966bf4d elementor-section-full_width elementor-section-height-default elementor-section-height-default\" data-id=\"966bf4d\" data-element_type=\"section\" data-e-type=\"section\" data-settings=\"{&quot;background_background&quot;:&quot;classic&quot;,&quot;_ha_eqh_enable&quot;:false}\">\n\t\t\t\t\t\t<div class=\"elementor-container elementor-column-gap-default\">\n\t\t\t\t\t<div class=\"elementor-column elementor-col-100 elementor-top-column elementor-element elementor-element-aad139a\" data-id=\"aad139a\" data-element_type=\"column\" data-e-type=\"column\">\n\t\t\t<div class=\"elementor-widget-wrap elementor-element-populated\">\n\t\t\t\t\t\t<div class=\"elementor-element elementor-element-854f237 elementor-widget elementor-widget-heading\" data-id=\"854f237\" data-element_type=\"widget\" data-e-type=\"widget\" data-widget_type=\"heading.default\">\n\t\t\t\t<div class=\"elementor-widget-container\">\n\t\t\t\t\t<h1 class=\"elementor-heading-title elementor-size-default\">Risultati<\/h1>\t\t\t\t<\/div>\n\t\t\t\t<\/div>\n\t\t\t\t\t<\/div>\n\t\t<\/div>\n\t\t\t\t\t<\/div>\n\t\t<\/section>\n\t\t\t\t<section class=\"elementor-section elementor-top-section elementor-element elementor-element-598cb9a elementor-section-full_width elementor-section-height-default elementor-section-height-default\" data-id=\"598cb9a\" data-element_type=\"section\" data-e-type=\"section\" data-settings=\"{&quot;_ha_eqh_enable&quot;:false}\">\n\t\t\t\t\t\t<div class=\"elementor-container elementor-column-gap-default\">\n\t\t\t\t\t<div class=\"elementor-column elementor-col-100 elementor-top-column elementor-element elementor-element-1196d16\" data-id=\"1196d16\" data-element_type=\"column\" data-e-type=\"column\">\n\t\t\t<div class=\"elementor-widget-wrap elementor-element-populated\">\n\t\t\t\t\t\t<div class=\"elementor-element elementor-element-f803c58 elementor-widget elementor-widget-image\" data-id=\"f803c58\" data-element_type=\"widget\" data-e-type=\"widget\" data-widget_type=\"image.default\">\n\t\t\t\t<div class=\"elementor-widget-container\">\n\t\t\t\t\t\t\t\t\t\t\t\t\t\t\t<img fetchpriority=\"high\" decoding=\"async\" width=\"960\" height=\"355\" src=\"https:\/\/triathlondesaintraphael.fr\/wp-content\/uploads\/2025\/09\/tsr-resultats-2025-1.webp\" class=\"attachment-full size-full wp-image-792222\" alt=\"Le triathlon de Saint-Rapha\u00ebl by Roxim aura lieu tous les ans, avec 2 parcours S et M au choix suivant l&#039;\u00e2ge des coureurs\" srcset=\"https:\/\/triathlondesaintraphael.fr\/wp-content\/uploads\/2025\/09\/tsr-resultats-2025-1.webp 960w, https:\/\/triathlondesaintraphael.fr\/wp-content\/uploads\/2025\/09\/tsr-resultats-2025-1-300x111.webp 300w, https:\/\/triathlondesaintraphael.fr\/wp-content\/uploads\/2025\/09\/tsr-resultats-2025-1-768x284.webp 768w, https:\/\/triathlondesaintraphael.fr\/wp-content\/uploads\/2025\/09\/tsr-resultats-2025-1-18x7.webp 18w\" sizes=\"(max-width: 960px) 100vw, 960px\" \/>\t\t\t\t\t\t\t\t\t\t\t\t\t\t\t<\/div>\n\t\t\t\t<\/div>\n\t\t\t\t<div class=\"elementor-element elementor-element-4e10f53 elementor-widget elementor-widget-heading\" data-id=\"4e10f53\" data-element_type=\"widget\" data-e-type=\"widget\" data-widget_type=\"heading.default\">\n\t\t\t\t<div class=\"elementor-widget-container\">\n\t\t\t\t\t<h2 class=\"elementor-heading-title elementor-size-default\">RISULTATI 2025<\/h2>\t\t\t\t<\/div>\n\t\t\t\t<\/div>\n\t\t\t\t<div class=\"elementor-element elementor-element-c5394ce elementor-widget-divider--view-line elementor-widget elementor-widget-divider\" data-id=\"c5394ce\" data-element_type=\"widget\" data-e-type=\"widget\" data-widget_type=\"divider.default\">\n\t\t\t\t<div class=\"elementor-widget-container\">\n\t\t\t\t\t\t\t<div class=\"elementor-divider\">\n\t\t\t<span class=\"elementor-divider-separator\">\n\t\t\t\t\t\t<\/span>\n\t\t<\/div>\n\t\t\t\t\t\t<\/div>\n\t\t\t\t<\/div>\n\t\t\t\t<div class=\"elementor-element elementor-element-7f41523 elementor-widget elementor-widget-heading\" data-id=\"7f41523\" data-element_type=\"widget\" data-e-type=\"widget\" data-widget_type=\"heading.default\">\n\t\t\t\t<div class=\"elementor-widget-container\">\n\t\t\t\t\t<h4 class=\"elementor-heading-title elementor-size-default\"><a href=\"https:\/\/timingzone.com\/triathlon-de-st-raphael-2025\/\" target=\"_blank\">Consultare i risultati del 2025<\/a><\/h4>\t\t\t\t<\/div>\n\t\t\t\t<\/div>\n\t\t\t\t\t<\/div>\n\t\t<\/div>\n\t\t\t\t\t<\/div>\n\t\t<\/section>\n\t\t\t\t<section class=\"elementor-section elementor-top-section elementor-element elementor-element-373a915 elementor-section-full_width elementor-section-height-default elementor-section-height-default\" data-id=\"373a915\" data-element_type=\"section\" data-e-type=\"section\" data-settings=\"{&quot;_ha_eqh_enable&quot;:false}\">\n\t\t\t\t\t\t<div class=\"elementor-container elementor-column-gap-default\">\n\t\t\t\t\t<div class=\"elementor-column elementor-col-100 elementor-top-column elementor-element elementor-element-abfabab\" data-id=\"abfabab\" data-element_type=\"column\" data-e-type=\"column\">\n\t\t\t<div class=\"elementor-widget-wrap elementor-element-populated\">\n\t\t\t\t\t\t<div class=\"elementor-element elementor-element-9243e41 elementor-widget-divider--view-line elementor-widget elementor-widget-divider\" data-id=\"9243e41\" data-element_type=\"widget\" data-e-type=\"widget\" data-widget_type=\"divider.default\">\n\t\t\t\t<div class=\"elementor-widget-container\">\n\t\t\t\t\t\t\t<div class=\"elementor-divider\">\n\t\t\t<span class=\"elementor-divider-separator\">\n\t\t\t\t\t\t<\/span>\n\t\t<\/div>\n\t\t\t\t\t\t<\/div>\n\t\t\t\t<\/div>\n\t\t\t\t\t<\/div>\n\t\t<\/div>\n\t\t\t\t\t<\/div>\n\t\t<\/section>\n\t\t\t\t<section class=\"elementor-section elementor-top-section elementor-element elementor-element-c307470 elementor-section-full_width elementor-section-height-default elementor-section-height-default\" data-id=\"c307470\" data-element_type=\"section\" data-e-type=\"section\" data-settings=\"{&quot;_ha_eqh_enable&quot;:false}\">\n\t\t\t\t\t\t<div class=\"elementor-container elementor-column-gap-default\">\n\t\t\t\t\t<div class=\"elementor-column elementor-col-100 elementor-top-column elementor-element elementor-element-a9506a7\" data-id=\"a9506a7\" data-element_type=\"column\" data-e-type=\"column\">\n\t\t\t<div class=\"elementor-widget-wrap elementor-element-populated\">\n\t\t\t\t\t\t<div data-ha-element-link=\"{&quot;url&quot;:&quot;https:\\\/\\\/timingzone.com\\\/evenement\\\/triathlon-st-raphael-2024\\\/&quot;,&quot;is_external&quot;:&quot;on&quot;,&quot;nofollow&quot;:&quot;&quot;}\" style=\"cursor: pointer\" class=\"elementor-element elementor-element-ed39010 elementor-widget elementor-widget-image\" data-id=\"ed39010\" data-element_type=\"widget\" data-e-type=\"widget\" data-widget_type=\"image.default\">\n\t\t\t\t<div class=\"elementor-widget-container\">\n\t\t\t\t\t\t\t\t\t\t\t\t\t\t\t<img decoding=\"async\" width=\"960\" height=\"355\" src=\"https:\/\/triathlondesaintraphael.fr\/wp-content\/uploads\/2024\/09\/tsr-resultats-2024-1.webp\" class=\"attachment-full size-full wp-image-550409\" alt=\"Le triathlon de Saint-Rapha\u00ebl by Roxim aura lieu tous les ans, avec 2 parcours S et M au choix suivant l&#039;\u00e2ge des coureurs\" srcset=\"https:\/\/triathlondesaintraphael.fr\/wp-content\/uploads\/2024\/09\/tsr-resultats-2024-1.webp 960w, https:\/\/triathlondesaintraphael.fr\/wp-content\/uploads\/2024\/09\/tsr-resultats-2024-1-300x111.webp 300w, https:\/\/triathlondesaintraphael.fr\/wp-content\/uploads\/2024\/09\/tsr-resultats-2024-1-768x284.webp 768w, https:\/\/triathlondesaintraphael.fr\/wp-content\/uploads\/2024\/09\/tsr-resultats-2024-1-18x7.webp 18w\" sizes=\"(max-width: 960px) 100vw, 960px\" \/>\t\t\t\t\t\t\t\t\t\t\t\t\t\t\t<\/div>\n\t\t\t\t<\/div>\n\t\t\t\t<div class=\"elementor-element elementor-element-6f6a4a5 elementor-widget elementor-widget-heading\" data-id=\"6f6a4a5\" data-element_type=\"widget\" data-e-type=\"widget\" data-widget_type=\"heading.default\">\n\t\t\t\t<div class=\"elementor-widget-container\">\n\t\t\t\t\t<h2 class=\"elementor-heading-title elementor-size-default\">2024 RISULTATI<\/h2>\t\t\t\t<\/div>\n\t\t\t\t<\/div>\n\t\t\t\t<div class=\"elementor-element elementor-element-6d9a43d elementor-widget-divider--view-line elementor-widget elementor-widget-divider\" data-id=\"6d9a43d\" data-element_type=\"widget\" data-e-type=\"widget\" data-widget_type=\"divider.default\">\n\t\t\t\t<div class=\"elementor-widget-container\">\n\t\t\t\t\t\t\t<div class=\"elementor-divider\">\n\t\t\t<span class=\"elementor-divider-separator\">\n\t\t\t\t\t\t<\/span>\n\t\t<\/div>\n\t\t\t\t\t\t<\/div>\n\t\t\t\t<\/div>\n\t\t\t\t<div class=\"elementor-element elementor-element-5cbdb0b elementor-widget elementor-widget-heading\" data-id=\"5cbdb0b\" data-element_type=\"widget\" data-e-type=\"widget\" data-widget_type=\"heading.default\">\n\t\t\t\t<div class=\"elementor-widget-container\">\n\t\t\t\t\t<h4 class=\"elementor-heading-title elementor-size-default\"><a href=\"https:\/\/timingzone.com\/evenement\/triathlon-st-raphael-2024\/\" target=\"_blank\">Consultare i risultati del 2024<\/a><\/h4>\t\t\t\t<\/div>\n\t\t\t\t<\/div>\n\t\t\t\t\t<\/div>\n\t\t<\/div>\n\t\t\t\t\t<\/div>\n\t\t<\/section>\n\t\t\t\t<section class=\"elementor-section elementor-top-section elementor-element elementor-element-a29a279 elementor-section-full_width elementor-section-height-default elementor-section-height-default\" data-id=\"a29a279\" data-element_type=\"section\" data-e-type=\"section\" data-settings=\"{&quot;background_background&quot;:&quot;classic&quot;,&quot;_ha_eqh_enable&quot;:false}\">\n\t\t\t\t\t\t<div class=\"elementor-container elementor-column-gap-default\">\n\t\t\t\t\t<div class=\"elementor-column elementor-col-100 elementor-top-column elementor-element elementor-element-890551a\" data-id=\"890551a\" data-element_type=\"column\" data-e-type=\"column\">\n\t\t\t<div class=\"elementor-widget-wrap elementor-element-populated\">\n\t\t\t\t\t\t<div class=\"elementor-element elementor-element-0184125 elementor-widget elementor-widget-image\" data-id=\"0184125\" data-element_type=\"widget\" data-e-type=\"widget\" data-widget_type=\"image.default\">\n\t\t\t\t<div class=\"elementor-widget-container\">\n\t\t\t\t\t\t\t\t\t\t\t\t\t\t\t<img decoding=\"async\" width=\"1903\" height=\"479\" src=\"https:\/\/triathlondesaintraphael.fr\/wp-content\/uploads\/2024\/03\/triathlon-resultat-2-2023.webp\" class=\"attachment-full size-full wp-image-473445\" alt=\"Parcours S et Parcours M en d\u00e9tail du Triathlon de Saint-Rapha\u00ebl dans le Var. Retrouvez les plans natation, v\u00e9lo et course \u00e0 pied\" srcset=\"https:\/\/triathlondesaintraphael.fr\/wp-content\/uploads\/2024\/03\/triathlon-resultat-2-2023.webp 1903w, https:\/\/triathlondesaintraphael.fr\/wp-content\/uploads\/2024\/03\/triathlon-resultat-2-2023-300x76.webp 300w, https:\/\/triathlondesaintraphael.fr\/wp-content\/uploads\/2024\/03\/triathlon-resultat-2-2023-1024x258.webp 1024w, https:\/\/triathlondesaintraphael.fr\/wp-content\/uploads\/2024\/03\/triathlon-resultat-2-2023-768x193.webp 768w, https:\/\/triathlondesaintraphael.fr\/wp-content\/uploads\/2024\/03\/triathlon-resultat-2-2023-1536x387.webp 1536w, https:\/\/triathlondesaintraphael.fr\/wp-content\/uploads\/2024\/03\/triathlon-resultat-2-2023-18x5.webp 18w\" sizes=\"(max-width: 1903px) 100vw, 1903px\" \/>\t\t\t\t\t\t\t\t\t\t\t\t\t\t\t<\/div>\n\t\t\t\t<\/div>\n\t\t\t\t\t<\/div>\n\t\t<\/div>\n\t\t\t\t\t<\/div>\n\t\t<\/section>\n\t\t\t\t<\/div>","protected":false},"excerpt":{"rendered":"<p>RISULTATI RISULTATI 2025 Consultare i risultati per il 2025 RISULTATI 2024 Consultare i risultati per il 2024<\/p>","protected":false},"author":2,"featured_media":475808,"parent":0,"menu_order":0,"comment_status":"closed","ping_status":"closed","template":"","meta":{"footnotes":""},"class_list":["post-82","page","type-page","status-publish","has-post-thumbnail","hentry"],"yoast_head":"<!-- This site is optimized with the Yoast SEO plugin v27.4 - https:\/\/yoast.com\/product\/yoast-seo-wordpress\/ -->\n<title>R\u00e9sultats du Triathlon de Saint-Raphael by Roxim<\/title>\n<meta name=\"description\" content=\"Retrouvez tous les r\u00e9sultats du Triathlon en ligne et les gagnants de l&#039;\u00e9preuve sportive du Triathlon de Saint-Rapha\u00ebl by Roxim dans le Var\" \/>\n<meta name=\"robots\" content=\"index, follow, max-snippet:-1, max-image-preview:large, max-video-preview:-1\" \/>\n<link rel=\"canonical\" href=\"https:\/\/triathlondesaintraphael.fr\/it\/resultats\/\" \/>\n<meta property=\"og:locale\" content=\"it_IT\" \/>\n<meta property=\"og:type\" content=\"article\" \/>\n<meta property=\"og:title\" content=\"R\u00e9sultats du Triathlon de Saint-Raphael by Roxim\" \/>\n<meta property=\"og:description\" content=\"Retrouvez tous les r\u00e9sultats en ligne et les gagnants de l&#039;\u00e9preuve sportive du Triathlon de Saint-Rapha\u00ebl by Roxim dans le Var\" \/>\n<meta property=\"og:url\" content=\"https:\/\/triathlondesaintraphael.fr\/it\/resultats\/\" \/>\n<meta property=\"article:publisher\" content=\"https:\/\/www.facebook.com\/TriathlonDeSaintRaphael\/\" \/>\n<meta property=\"article:modified_time\" content=\"2025-09-26T13:24:04+00:00\" \/>\n<meta property=\"og:image\" content=\"https:\/\/triathlondesaintraphael.fr\/wp-content\/uploads\/2024\/03\/triathlon-resultats-2023-referencement-.webp\" \/>\n\t<meta property=\"og:image:width\" content=\"700\" \/>\n\t<meta property=\"og:image:height\" content=\"353\" \/>\n\t<meta property=\"og:image:type\" content=\"image\/webp\" \/>\n<meta name=\"twitter:label1\" content=\"Tempo di lettura stimato\" \/>\n\t<meta name=\"twitter:data1\" content=\"1 minuto\" \/>\n<script type=\"application\/ld+json\" class=\"yoast-schema-graph\">{\"@context\":\"https:\\\/\\\/schema.org\",\"@graph\":[{\"@type\":\"WebPage\",\"@id\":\"https:\\\/\\\/triathlondesaintraphael.fr\\\/resultats\\\/\",\"url\":\"https:\\\/\\\/triathlondesaintraphael.fr\\\/resultats\\\/\",\"name\":\"R\u00e9sultats du Triathlon de Saint-Raphael by Roxim\",\"isPartOf\":{\"@id\":\"https:\\\/\\\/triathlondesaintraphael.fr\\\/#website\"},\"primaryImageOfPage\":{\"@id\":\"https:\\\/\\\/triathlondesaintraphael.fr\\\/resultats\\\/#primaryimage\"},\"image\":{\"@id\":\"https:\\\/\\\/triathlondesaintraphael.fr\\\/resultats\\\/#primaryimage\"},\"thumbnailUrl\":\"https:\\\/\\\/triathlondesaintraphael.fr\\\/wp-content\\\/uploads\\\/2024\\\/03\\\/triathlon-resultats-2023-referencement-.webp\",\"datePublished\":\"2019-02-07T13:50:54+00:00\",\"dateModified\":\"2025-09-26T13:24:04+00:00\",\"description\":\"Retrouvez tous les r\u00e9sultats du Triathlon en ligne et les gagnants de l'\u00e9preuve sportive du Triathlon de Saint-Rapha\u00ebl by Roxim dans le Var\",\"breadcrumb\":{\"@id\":\"https:\\\/\\\/triathlondesaintraphael.fr\\\/resultats\\\/#breadcrumb\"},\"inLanguage\":\"it-IT\",\"potentialAction\":[{\"@type\":\"ReadAction\",\"target\":[\"https:\\\/\\\/triathlondesaintraphael.fr\\\/resultats\\\/\"]}]},{\"@type\":\"ImageObject\",\"inLanguage\":\"it-IT\",\"@id\":\"https:\\\/\\\/triathlondesaintraphael.fr\\\/resultats\\\/#primaryimage\",\"url\":\"https:\\\/\\\/triathlondesaintraphael.fr\\\/wp-content\\\/uploads\\\/2024\\\/03\\\/triathlon-resultats-2023-referencement-.webp\",\"contentUrl\":\"https:\\\/\\\/triathlondesaintraphael.fr\\\/wp-content\\\/uploads\\\/2024\\\/03\\\/triathlon-resultats-2023-referencement-.webp\",\"width\":700,\"height\":353,\"caption\":\"Retrouvez tous les r\u00e9sultats en ligne et les gagnants de l'\u00e9preuve sportive du Triathlon de Saint-Rapha\u00ebl by Roxim dans le Var\"},{\"@type\":\"BreadcrumbList\",\"@id\":\"https:\\\/\\\/triathlondesaintraphael.fr\\\/resultats\\\/#breadcrumb\",\"itemListElement\":[{\"@type\":\"ListItem\",\"position\":1,\"name\":\"Accueil\",\"item\":\"https:\\\/\\\/triathlondesaintraphael.fr\\\/\"},{\"@type\":\"ListItem\",\"position\":2,\"name\":\"R\u00e9sultats\"}]},{\"@type\":\"WebSite\",\"@id\":\"https:\\\/\\\/triathlondesaintraphael.fr\\\/#website\",\"url\":\"https:\\\/\\\/triathlondesaintraphael.fr\\\/\",\"name\":\"\",\"description\":\"\",\"potentialAction\":[{\"@type\":\"SearchAction\",\"target\":{\"@type\":\"EntryPoint\",\"urlTemplate\":\"https:\\\/\\\/triathlondesaintraphael.fr\\\/?s={search_term_string}\"},\"query-input\":{\"@type\":\"PropertyValueSpecification\",\"valueRequired\":true,\"valueName\":\"search_term_string\"}}],\"inLanguage\":\"it-IT\"}]}<\/script>\n<!-- \/ Yoast SEO plugin. -->","yoast_head_json":{"title":"Risultati del Triathlon di Saint-Raphael di Roxim","description":"Trovate tutti i risultati del Triathlon online e i vincitori del Saint-Rapha\u00ebl by Roxim Triathlon nella regione del Var.","robots":{"index":"index","follow":"follow","max-snippet":"max-snippet:-1","max-image-preview":"max-image-preview:large","max-video-preview":"max-video-preview:-1"},"canonical":"https:\/\/triathlondesaintraphael.fr\/it\/resultats\/","og_locale":"it_IT","og_type":"article","og_title":"R\u00e9sultats du Triathlon de Saint-Raphael by Roxim","og_description":"Retrouvez tous les r\u00e9sultats en ligne et les gagnants de l'\u00e9preuve sportive du Triathlon de Saint-Rapha\u00ebl by Roxim dans le Var","og_url":"https:\/\/triathlondesaintraphael.fr\/it\/resultats\/","article_publisher":"https:\/\/www.facebook.com\/TriathlonDeSaintRaphael\/","article_modified_time":"2025-09-26T13:24:04+00:00","og_image":[{"width":700,"height":353,"url":"https:\/\/triathlondesaintraphael.fr\/wp-content\/uploads\/2024\/03\/triathlon-resultats-2023-referencement-.webp","type":"image\/webp"}],"twitter_misc":{"Tempo di lettura stimato":"1 minuto"},"schema":{"@context":"https:\/\/schema.org","@graph":[{"@type":"WebPage","@id":"https:\/\/triathlondesaintraphael.fr\/resultats\/","url":"https:\/\/triathlondesaintraphael.fr\/resultats\/","name":"Risultati del Triathlon di Saint-Raphael di Roxim","isPartOf":{"@id":"https:\/\/triathlondesaintraphael.fr\/#website"},"primaryImageOfPage":{"@id":"https:\/\/triathlondesaintraphael.fr\/resultats\/#primaryimage"},"image":{"@id":"https:\/\/triathlondesaintraphael.fr\/resultats\/#primaryimage"},"thumbnailUrl":"https:\/\/triathlondesaintraphael.fr\/wp-content\/uploads\/2024\/03\/triathlon-resultats-2023-referencement-.webp","datePublished":"2019-02-07T13:50:54+00:00","dateModified":"2025-09-26T13:24:04+00:00","description":"Trovate tutti i risultati del Triathlon online e i vincitori del Saint-Rapha\u00ebl by Roxim Triathlon nella regione del Var.","breadcrumb":{"@id":"https:\/\/triathlondesaintraphael.fr\/resultats\/#breadcrumb"},"inLanguage":"it-IT","potentialAction":[{"@type":"ReadAction","target":["https:\/\/triathlondesaintraphael.fr\/resultats\/"]}]},{"@type":"ImageObject","inLanguage":"it-IT","@id":"https:\/\/triathlondesaintraphael.fr\/resultats\/#primaryimage","url":"https:\/\/triathlondesaintraphael.fr\/wp-content\/uploads\/2024\/03\/triathlon-resultats-2023-referencement-.webp","contentUrl":"https:\/\/triathlondesaintraphael.fr\/wp-content\/uploads\/2024\/03\/triathlon-resultats-2023-referencement-.webp","width":700,"height":353,"caption":"Retrouvez tous les r\u00e9sultats en ligne et les gagnants de l'\u00e9preuve sportive du Triathlon de Saint-Rapha\u00ebl by Roxim dans le Var"},{"@type":"BreadcrumbList","@id":"https:\/\/triathlondesaintraphael.fr\/resultats\/#breadcrumb","itemListElement":[{"@type":"ListItem","position":1,"name":"Accueil","item":"https:\/\/triathlondesaintraphael.fr\/"},{"@type":"ListItem","position":2,"name":"R\u00e9sultats"}]},{"@type":"WebSite","@id":"https:\/\/triathlondesaintraphael.fr\/#website","url":"https:\/\/triathlondesaintraphael.fr\/","name":"","description":"","potentialAction":[{"@type":"SearchAction","target":{"@type":"EntryPoint","urlTemplate":"https:\/\/triathlondesaintraphael.fr\/?s={search_term_string}"},"query-input":{"@type":"PropertyValueSpecification","valueRequired":true,"valueName":"search_term_string"}}],"inLanguage":"it-IT"}]}},"_links":{"self":[{"href":"https:\/\/triathlondesaintraphael.fr\/it\/wp-json\/wp\/v2\/pages\/82","targetHints":{"allow":["GET"]}}],"collection":[{"href":"https:\/\/triathlondesaintraphael.fr\/it\/wp-json\/wp\/v2\/pages"}],"about":[{"href":"https:\/\/triathlondesaintraphael.fr\/it\/wp-json\/wp\/v2\/types\/page"}],"author":[{"embeddable":true,"href":"https:\/\/triathlondesaintraphael.fr\/it\/wp-json\/wp\/v2\/users\/2"}],"replies":[{"embeddable":true,"href":"https:\/\/triathlondesaintraphael.fr\/it\/wp-json\/wp\/v2\/comments?post=82"}],"version-history":[{"count":140,"href":"https:\/\/triathlondesaintraphael.fr\/it\/wp-json\/wp\/v2\/pages\/82\/revisions"}],"predecessor-version":[{"id":792230,"href":"https:\/\/triathlondesaintraphael.fr\/it\/wp-json\/wp\/v2\/pages\/82\/revisions\/792230"}],"wp:featuredmedia":[{"embeddable":true,"href":"https:\/\/triathlondesaintraphael.fr\/it\/wp-json\/wp\/v2\/media\/475808"}],"wp:attachment":[{"href":"https:\/\/triathlondesaintraphael.fr\/it\/wp-json\/wp\/v2\/media?parent=82"}],"curies":[{"name":"wp","href":"https:\/\/api.w.org\/{rel}","templated":true}]}}