{"id":67,"date":"2019-02-07T14:46:10","date_gmt":"2019-02-07T13:46:10","guid":{"rendered":"https:\/\/triathlondesaintraphael.fr\/?page_id=67"},"modified":"2026-02-12T15:22:39","modified_gmt":"2026-02-12T14:22:39","slug":"mentions-legales","status":"publish","type":"page","link":"https:\/\/triathlondesaintraphael.fr\/it\/mentions-legales\/","title":{"rendered":"Informazioni legali"},"content":{"rendered":"<div data-elementor-type=\"wp-page\" data-elementor-id=\"67\" class=\"elementor elementor-67\" data-elementor-settings=\"{&quot;ha_cmc_init_switcher&quot;:&quot;no&quot;}\">\n\t\t\t\t\t\t<section class=\"elementor-section elementor-top-section elementor-element elementor-element-e810a87 elementor-section-full_width elementor-section-height-default elementor-section-height-default\" data-id=\"e810a87\" data-element_type=\"section\" data-e-type=\"section\" data-settings=\"{&quot;background_background&quot;:&quot;classic&quot;,&quot;_ha_eqh_enable&quot;:false}\">\n\t\t\t\t\t\t<div class=\"elementor-container elementor-column-gap-default\">\n\t\t\t\t\t<div class=\"elementor-column elementor-col-100 elementor-top-column elementor-element elementor-element-36cbfe3\" data-id=\"36cbfe3\" data-element_type=\"column\" data-e-type=\"column\">\n\t\t\t<div class=\"elementor-widget-wrap elementor-element-populated\">\n\t\t\t\t\t\t<div class=\"elementor-element elementor-element-12d1479 elementor-widget elementor-widget-spacer\" data-id=\"12d1479\" data-element_type=\"widget\" data-e-type=\"widget\" data-widget_type=\"spacer.default\">\n\t\t\t\t<div class=\"elementor-widget-container\">\n\t\t\t\t\t\t\t<div class=\"elementor-spacer\">\n\t\t\t<div class=\"elementor-spacer-inner\"><\/div>\n\t\t<\/div>\n\t\t\t\t\t\t<\/div>\n\t\t\t\t<\/div>\n\t\t\t\t\t<\/div>\n\t\t<\/div>\n\t\t\t\t\t<\/div>\n\t\t<\/section>\n\t\t\t\t<section class=\"elementor-section elementor-top-section elementor-element elementor-element-909dc86 elementor-section-full_width elementor-section-height-default elementor-section-height-default\" data-id=\"909dc86\" data-element_type=\"section\" data-e-type=\"section\" data-settings=\"{&quot;background_background&quot;:&quot;classic&quot;,&quot;_ha_eqh_enable&quot;:false}\">\n\t\t\t\t\t\t<div class=\"elementor-container elementor-column-gap-default\">\n\t\t\t\t\t<div class=\"elementor-column elementor-col-100 elementor-top-column elementor-element elementor-element-e0875f8\" data-id=\"e0875f8\" data-element_type=\"column\" data-e-type=\"column\">\n\t\t\t<div class=\"elementor-widget-wrap elementor-element-populated\">\n\t\t\t\t\t\t<div class=\"elementor-element elementor-element-c47ca96 elementor-widget elementor-widget-heading\" data-id=\"c47ca96\" data-element_type=\"widget\" data-e-type=\"widget\" data-widget_type=\"heading.default\">\n\t\t\t\t<div class=\"elementor-widget-container\">\n\t\t\t\t\t<h1 class=\"elementor-heading-title elementor-size-default\">NOTE LEGALI<\/h1>\t\t\t\t<\/div>\n\t\t\t\t<\/div>\n\t\t\t\t\t<\/div>\n\t\t<\/div>\n\t\t\t\t\t<\/div>\n\t\t<\/section>\n\t\t\t\t<section class=\"elementor-section elementor-top-section elementor-element elementor-element-e2cbda9 elementor-section-full_width elementor-section-height-default elementor-section-height-default\" data-id=\"e2cbda9\" data-element_type=\"section\" data-e-type=\"section\" data-settings=\"{&quot;_ha_eqh_enable&quot;:false}\">\n\t\t\t\t\t\t<div class=\"elementor-container elementor-column-gap-default\">\n\t\t\t\t\t<div class=\"elementor-column elementor-col-100 elementor-top-column elementor-element elementor-element-01339f1\" data-id=\"01339f1\" data-element_type=\"column\" data-e-type=\"column\">\n\t\t\t<div class=\"elementor-widget-wrap elementor-element-populated\">\n\t\t\t\t\t\t<div class=\"elementor-element elementor-element-cc75420 elementor-widget elementor-widget-heading\" data-id=\"cc75420\" data-element_type=\"widget\" data-e-type=\"widget\" data-widget_type=\"heading.default\">\n\t\t\t\t<div class=\"elementor-widget-container\">\n\t\t\t\t\t<h2 class=\"elementor-heading-title elementor-size-default\">EDITORE<\/h2>\t\t\t\t<\/div>\n\t\t\t\t<\/div>\n\t\t\t\t<div class=\"elementor-element elementor-element-4312f4d elementor-widget elementor-widget-text-editor\" data-id=\"4312f4d\" data-element_type=\"widget\" data-e-type=\"widget\" data-widget_type=\"text-editor.default\">\n\t\t\t\t<div class=\"elementor-widget-container\">\n\t\t\t\t\t\t\t\t\t<p>Il sito www.triathlondesaintraphael.fr appartiene a Oxyg\u00e8ne Sports Est\u00e9rel, la cui sede si trova al seguente indirizzo: Saint-Rapha\u00ebl Triathlon - 21 All\u00e9e Fran\u00e7ois Jouve, 83700 SAINT-RAPHAEL<\/p><p>Direttore della pubblicazione: Denis Mortier<\/p><p>Responsabile dell'amministrazione del sito: Sophie BENEULT<\/p><p>Crediti fotografici: \u00a9 Trimax \u2013 Activ Image \/ Office de tourisme de Saint-Rapha\u00ebl \/ Guillaume Voiturier \/ Franck Cluzel \/ Dronesway<\/p>\t\t\t\t\t\t\t\t<\/div>\n\t\t\t\t<\/div>\n\t\t\t\t<div class=\"elementor-element elementor-element-e991c18 elementor-widget elementor-widget-heading\" data-id=\"e991c18\" data-element_type=\"widget\" data-e-type=\"widget\" data-widget_type=\"heading.default\">\n\t\t\t\t<div class=\"elementor-widget-container\">\n\t\t\t\t\t<h2 class=\"elementor-heading-title elementor-size-default\">HOSTING<\/h2>\t\t\t\t<\/div>\n\t\t\t\t<\/div>\n\t\t\t\t<div class=\"elementor-element elementor-element-6013a47 elementor-widget elementor-widget-text-editor\" data-id=\"6013a47\" data-element_type=\"widget\" data-e-type=\"widget\" data-widget_type=\"text-editor.default\">\n\t\t\t\t<div class=\"elementor-widget-container\">\n\t\t\t\t\t\t\t\t\t<p>La societ\u00e0 di hosting del sito www.triathlondesaintraphael.fr \u00e8 LWS (Ligne Web Services), la cui sede sociale si trova al seguente indirizzo: 4 rue Galvani 75017 Parigi<\/p>\t\t\t\t\t\t\t\t<\/div>\n\t\t\t\t<\/div>\n\t\t\t\t<div class=\"elementor-element elementor-element-714cac1 elementor-widget elementor-widget-heading\" data-id=\"714cac1\" data-element_type=\"widget\" data-e-type=\"widget\" data-widget_type=\"heading.default\">\n\t\t\t\t<div class=\"elementor-widget-container\">\n\t\t\t\t\t<h2 class=\"elementor-heading-title elementor-size-default\">CONDIZIONI GENERALI DI UTILIZZO DEL SITO E DEI SERVIZI OFFERTI<\/h2>\t\t\t\t<\/div>\n\t\t\t\t<\/div>\n\t\t\t\t<div class=\"elementor-element elementor-element-5c9f96a elementor-widget elementor-widget-text-editor\" data-id=\"5c9f96a\" data-element_type=\"widget\" data-e-type=\"widget\" data-widget_type=\"text-editor.default\">\n\t\t\t\t<div class=\"elementor-widget-container\">\n\t\t\t\t\t\t\t\t\t<p>Utilizzando il sito web triathlondesaintraphael.fr, l'utente accetta pienamente e completamente i termini e le condizioni d'uso specificate nelle note legali. Anche se accessibile a tutti i visitatori, \u00e8 importante specificare che l'amministratore pu\u00f2 decidere un'interruzione del sito web per manutenzione.<\/p><p>In conformit\u00e0 con la sua politica di comunicazione, il sito triathlondesaintraphael.fr ha lo scopo di informare gli utenti sui servizi offerti dall'azienda, che si sforza di fornire informazioni accurate. Tuttavia, possono verificarsi imprecisioni o omissioni e Oxyg\u00e8ne Sports Est\u00e9rel non pu\u00f2 essere ritenuta responsabile di eventuali errori presenti sul sito.<\/p>\t\t\t\t\t\t\t\t<\/div>\n\t\t\t\t<\/div>\n\t\t\t\t<div class=\"elementor-element elementor-element-f39708a elementor-widget elementor-widget-heading\" data-id=\"f39708a\" data-element_type=\"widget\" data-e-type=\"widget\" data-widget_type=\"heading.default\">\n\t\t\t\t<div class=\"elementor-widget-container\">\n\t\t\t\t\t<h2 class=\"elementor-heading-title elementor-size-default\">LIMITAZIONI CONTRATTUALI<\/h2>\t\t\t\t<\/div>\n\t\t\t\t<\/div>\n\t\t\t\t<div class=\"elementor-element elementor-element-98fe8bd elementor-widget elementor-widget-text-editor\" data-id=\"98fe8bd\" data-element_type=\"widget\" data-e-type=\"widget\" data-widget_type=\"text-editor.default\">\n\t\t\t\t<div class=\"elementor-widget-container\">\n\t\t\t\t\t\t\t\t\t<p>Le informazioni riportate nel sito web www.triathlondesaintraphael.fr sono soggette a procedure qualitative per garantirne l'affidabilit\u00e0. Tuttavia, la societ\u00e0 non pu\u00f2 essere ritenuta responsabile di eventuali inesattezze tecniche nelle nostre spiegazioni. Se l\u2019utente constata un errore relativo alle informazioni, \u00e8 pregato di segnalarlo via e-mail all\u2019indirizzo: contact@triathlondesaintraphael.fr<\/p>\t\t\t\t\t\t\t\t<\/div>\n\t\t\t\t<\/div>\n\t\t\t\t<div class=\"elementor-element elementor-element-a8ac411 elementor-widget elementor-widget-heading\" data-id=\"a8ac411\" data-element_type=\"widget\" data-e-type=\"widget\" data-widget_type=\"heading.default\">\n\t\t\t\t<div class=\"elementor-widget-container\">\n\t\t\t\t\t<h2 class=\"elementor-heading-title elementor-size-default\">PROPRIET\u00c0 INTELLETTUALE E CONTENUTI DEL SITO WEB<\/h2>\t\t\t\t<\/div>\n\t\t\t\t<\/div>\n\t\t\t\t<div class=\"elementor-element elementor-element-2beabf1 elementor-widget elementor-widget-text-editor\" data-id=\"2beabf1\" data-element_type=\"widget\" data-e-type=\"widget\" data-widget_type=\"text-editor.default\">\n\t\t\t\t<div class=\"elementor-widget-container\">\n\t\t\t\t\t\t\t\t\t<p>Il contenuto del sito www.triathlondesaintraphael.fr \u00e8 di propriet\u00e0 esclusiva di Oxyg\u00e8ne Sports Est\u00e9rel. Qualsiasi violazione del diritto d'autore \u00e8 punibile ai sensi dell'articolo L.335-2 del Codice della Propriet\u00e0 Intellettuale francese, con una pena di 2 anni di reclusione e una multa di 150.000 euro. Navigando sul sito www.triathlondesaintraphael.fr, gli utenti accettano anche che sul loro computer possano essere installati dei cookie.<\/p>\t\t\t\t\t\t\t\t<\/div>\n\t\t\t\t<\/div>\n\t\t\t\t<div class=\"elementor-element elementor-element-ab1f535 elementor-widget elementor-widget-heading\" data-id=\"ab1f535\" data-element_type=\"widget\" data-e-type=\"widget\" data-widget_type=\"heading.default\">\n\t\t\t\t<div class=\"elementor-widget-container\">\n\t\t\t\t\t<h2 class=\"elementor-heading-title elementor-size-default\">DATI PERSONALI, LEGGE SULLA PRIVACY<\/h2>\t\t\t\t<\/div>\n\t\t\t\t<\/div>\n\t\t\t\t<div class=\"elementor-element elementor-element-94647b3 elementor-widget elementor-widget-text-editor\" data-id=\"94647b3\" data-element_type=\"widget\" data-e-type=\"widget\" data-widget_type=\"text-editor.default\">\n\t\t\t\t<div class=\"elementor-widget-container\">\n\t\t\t\t\t\t\t\t\t<p>Tutte le informazioni raccolte sul sito www.triathlondesaintraphael.fr servono per l'utilizzo del modulo di contatto. Oxyg\u00e8ne Sports Est\u00e9rel si impegna in nessun caso a cedere le informazioni relative agli utenti del sito web in qualsiasi modo (vendita, scambio, prestito, noleggio, donazione). Tutti i dati personali raccolti sono trattati con la massima riservatezza. In particolare, l'azienda si impegna a rispettare la riservatezza dei messaggi e-mail inviati per posta elettronica.<\/p><p>Conformemente alla legge francese sulla privacy 78-17 del 6 gennaio 1978 e successive modifiche, l\u2019utente dispone del diritto di opporsi (art. 38), di accedere (art. 39), di rettificare o di cancellare (art. 40) i dati che lo riguardano. L\u2019utente pu\u00f2 esercitare questo diritto in qualsiasi momento scrivendo a Stade nautique Alain Ch\u00e2teigner, avenue de l'Europe, 83700 SAINT-RAPHA\u00cbL o inviando una e-mail a: contact@triathlondesaintraphael.fr<\/p>\t\t\t\t\t\t\t\t<\/div>\n\t\t\t\t<\/div>\n\t\t\t\t\t<\/div>\n\t\t<\/div>\n\t\t\t\t\t<\/div>\n\t\t<\/section>\n\t\t\t\t<\/div>","protected":false},"excerpt":{"rendered":"<p>INFORMAZIONI LEGALI Il sito www.triathlondesaintraphael.fr appartiene a Oxyg\u00e8ne Sports Est\u00e9rel, la cui sede legale si trova al seguente indirizzo: Saint-Rapha\u00ebl Triathlon - 21 All\u00e9e Fran\u00e7ois Jouve, 83700 SAINT-RAPHAEL Direttore di pubblicazione: Denis Mortier Responsabile amministrativo del sito: Sophie BENEULT Crediti fotografici: \u00a9 Trimax - Activ Image \/ Office...<\/p>","protected":false},"author":2,"featured_media":0,"parent":0,"menu_order":0,"comment_status":"closed","ping_status":"closed","template":"","meta":{"footnotes":""},"class_list":["post-67","page","type-page","status-publish","hentry"],"yoast_head":"<!-- This site is optimized with the Yoast SEO plugin v27.4 - https:\/\/yoast.com\/product\/yoast-seo-wordpress\/ -->\n<title>Mentions l\u00e9gales -<\/title>\n<meta name=\"robots\" content=\"noindex, follow\" \/>\n<meta property=\"og:locale\" content=\"it_IT\" \/>\n<meta property=\"og:type\" content=\"article\" \/>\n<meta property=\"og:title\" content=\"Mentions l\u00e9gales -\" \/>\n<meta property=\"og:description\" content=\"MENTIONS L\u00c9GALES \u00c9DITEUR Le site www.triathlondesaintraphael.fr appartient a Oxyg\u00e8ne Sports Est\u00e9rel, dont le si\u00e8ge social est situ\u00e9 \u00e0 l\u2019adresse suivante : Saint-Rapha\u00ebl Triathlon \u2013 21 All\u00e9e Fran\u00e7ois Jouve, 83700 SAINT-RAPHAEL Le directeur de la publication\u00a0: Denis Mortier La responsable de l\u2019administration du site\u00a0: Sophie BENEULT Cr\u00e9dit photos : \u00a9 Trimax \u2013 Activ Image \/ Office&hellip;\" \/>\n<meta property=\"og:url\" content=\"https:\/\/triathlondesaintraphael.fr\/it\/mentions-legales\/\" \/>\n<meta property=\"article:publisher\" content=\"https:\/\/www.facebook.com\/TriathlonDeSaintRaphael\/\" \/>\n<meta property=\"article:modified_time\" content=\"2026-02-12T14:22:39+00:00\" \/>\n<meta property=\"og:image\" content=\"https:\/\/triathlondesaintraphael.fr\/wp-content\/uploads\/2019\/02\/st-raphael-triathlon-favicon.jpg\" \/>\n\t<meta property=\"og:image:width\" content=\"192\" \/>\n\t<meta property=\"og:image:height\" content=\"192\" \/>\n\t<meta property=\"og:image:type\" content=\"image\/jpeg\" \/>\n<meta name=\"twitter:label1\" content=\"Tempo di lettura stimato\" \/>\n\t<meta name=\"twitter:data1\" content=\"3 minuti\" \/>\n<script type=\"application\/ld+json\" class=\"yoast-schema-graph\">{\"@context\":\"https:\\\/\\\/schema.org\",\"@graph\":[{\"@type\":\"WebPage\",\"@id\":\"https:\\\/\\\/triathlondesaintraphael.fr\\\/mentions-legales\\\/\",\"url\":\"https:\\\/\\\/triathlondesaintraphael.fr\\\/mentions-legales\\\/\",\"name\":\"Mentions l\u00e9gales -\",\"isPartOf\":{\"@id\":\"https:\\\/\\\/triathlondesaintraphael.fr\\\/#website\"},\"datePublished\":\"2019-02-07T13:46:10+00:00\",\"dateModified\":\"2026-02-12T14:22:39+00:00\",\"breadcrumb\":{\"@id\":\"https:\\\/\\\/triathlondesaintraphael.fr\\\/mentions-legales\\\/#breadcrumb\"},\"inLanguage\":\"it-IT\",\"potentialAction\":[{\"@type\":\"ReadAction\",\"target\":[\"https:\\\/\\\/triathlondesaintraphael.fr\\\/mentions-legales\\\/\"]}]},{\"@type\":\"BreadcrumbList\",\"@id\":\"https:\\\/\\\/triathlondesaintraphael.fr\\\/mentions-legales\\\/#breadcrumb\",\"itemListElement\":[{\"@type\":\"ListItem\",\"position\":1,\"name\":\"Accueil\",\"item\":\"https:\\\/\\\/triathlondesaintraphael.fr\\\/\"},{\"@type\":\"ListItem\",\"position\":2,\"name\":\"Mentions l\u00e9gales\"}]},{\"@type\":\"WebSite\",\"@id\":\"https:\\\/\\\/triathlondesaintraphael.fr\\\/#website\",\"url\":\"https:\\\/\\\/triathlondesaintraphael.fr\\\/\",\"name\":\"\",\"description\":\"\",\"potentialAction\":[{\"@type\":\"SearchAction\",\"target\":{\"@type\":\"EntryPoint\",\"urlTemplate\":\"https:\\\/\\\/triathlondesaintraphael.fr\\\/?s={search_term_string}\"},\"query-input\":{\"@type\":\"PropertyValueSpecification\",\"valueRequired\":true,\"valueName\":\"search_term_string\"}}],\"inLanguage\":\"it-IT\"}]}<\/script>\n<!-- \/ Yoast SEO plugin. -->","yoast_head_json":{"title":"Informazioni legali -","robots":{"index":"noindex","follow":"follow"},"og_locale":"it_IT","og_type":"article","og_title":"Mentions l\u00e9gales -","og_description":"MENTIONS L\u00c9GALES \u00c9DITEUR Le site www.triathlondesaintraphael.fr appartient a Oxyg\u00e8ne Sports Est\u00e9rel, dont le si\u00e8ge social est situ\u00e9 \u00e0 l\u2019adresse suivante : Saint-Rapha\u00ebl Triathlon \u2013 21 All\u00e9e Fran\u00e7ois Jouve, 83700 SAINT-RAPHAEL Le directeur de la publication\u00a0: Denis Mortier La responsable de l\u2019administration du site\u00a0: Sophie BENEULT Cr\u00e9dit photos : \u00a9 Trimax \u2013 Activ Image \/ Office&hellip;","og_url":"https:\/\/triathlondesaintraphael.fr\/it\/mentions-legales\/","article_publisher":"https:\/\/www.facebook.com\/TriathlonDeSaintRaphael\/","article_modified_time":"2026-02-12T14:22:39+00:00","og_image":[{"width":192,"height":192,"url":"https:\/\/triathlondesaintraphael.fr\/wp-content\/uploads\/2019\/02\/st-raphael-triathlon-favicon.jpg","type":"image\/jpeg"}],"twitter_misc":{"Tempo di lettura stimato":"3 minuti"},"schema":{"@context":"https:\/\/schema.org","@graph":[{"@type":"WebPage","@id":"https:\/\/triathlondesaintraphael.fr\/mentions-legales\/","url":"https:\/\/triathlondesaintraphael.fr\/mentions-legales\/","name":"Informazioni legali -","isPartOf":{"@id":"https:\/\/triathlondesaintraphael.fr\/#website"},"datePublished":"2019-02-07T13:46:10+00:00","dateModified":"2026-02-12T14:22:39+00:00","breadcrumb":{"@id":"https:\/\/triathlondesaintraphael.fr\/mentions-legales\/#breadcrumb"},"inLanguage":"it-IT","potentialAction":[{"@type":"ReadAction","target":["https:\/\/triathlondesaintraphael.fr\/mentions-legales\/"]}]},{"@type":"BreadcrumbList","@id":"https:\/\/triathlondesaintraphael.fr\/mentions-legales\/#breadcrumb","itemListElement":[{"@type":"ListItem","position":1,"name":"Accueil","item":"https:\/\/triathlondesaintraphael.fr\/"},{"@type":"ListItem","position":2,"name":"Mentions l\u00e9gales"}]},{"@type":"WebSite","@id":"https:\/\/triathlondesaintraphael.fr\/#website","url":"https:\/\/triathlondesaintraphael.fr\/","name":"","description":"","potentialAction":[{"@type":"SearchAction","target":{"@type":"EntryPoint","urlTemplate":"https:\/\/triathlondesaintraphael.fr\/?s={search_term_string}"},"query-input":{"@type":"PropertyValueSpecification","valueRequired":true,"valueName":"search_term_string"}}],"inLanguage":"it-IT"}]}},"_links":{"self":[{"href":"https:\/\/triathlondesaintraphael.fr\/it\/wp-json\/wp\/v2\/pages\/67","targetHints":{"allow":["GET"]}}],"collection":[{"href":"https:\/\/triathlondesaintraphael.fr\/it\/wp-json\/wp\/v2\/pages"}],"about":[{"href":"https:\/\/triathlondesaintraphael.fr\/it\/wp-json\/wp\/v2\/types\/page"}],"author":[{"embeddable":true,"href":"https:\/\/triathlondesaintraphael.fr\/it\/wp-json\/wp\/v2\/users\/2"}],"replies":[{"embeddable":true,"href":"https:\/\/triathlondesaintraphael.fr\/it\/wp-json\/wp\/v2\/comments?post=67"}],"version-history":[{"count":22,"href":"https:\/\/triathlondesaintraphael.fr\/it\/wp-json\/wp\/v2\/pages\/67\/revisions"}],"predecessor-version":[{"id":829210,"href":"https:\/\/triathlondesaintraphael.fr\/it\/wp-json\/wp\/v2\/pages\/67\/revisions\/829210"}],"wp:attachment":[{"href":"https:\/\/triathlondesaintraphael.fr\/it\/wp-json\/wp\/v2\/media?parent=67"}],"curies":[{"name":"wp","href":"https:\/\/api.w.org\/{rel}","templated":true}]}}