{"id":67,"date":"2019-02-07T14:46:10","date_gmt":"2019-02-07T13:46:10","guid":{"rendered":"https:\/\/triathlondesaintraphael.fr\/?page_id=67"},"modified":"2026-02-12T15:22:39","modified_gmt":"2026-02-12T14:22:39","slug":"mentions-legales","status":"publish","type":"page","link":"https:\/\/triathlondesaintraphael.fr\/en\/mentions-legales\/","title":{"rendered":"Legal information"},"content":{"rendered":"<div data-elementor-type=\"wp-page\" data-elementor-id=\"67\" class=\"elementor elementor-67\" data-elementor-settings=\"{&quot;ha_cmc_init_switcher&quot;:&quot;no&quot;}\">\n\t\t\t\t\t\t<section class=\"elementor-section elementor-top-section elementor-element elementor-element-e810a87 elementor-section-full_width elementor-section-height-default elementor-section-height-default\" data-id=\"e810a87\" data-element_type=\"section\" data-e-type=\"section\" data-settings=\"{&quot;background_background&quot;:&quot;classic&quot;,&quot;_ha_eqh_enable&quot;:false}\">\n\t\t\t\t\t\t<div class=\"elementor-container elementor-column-gap-default\">\n\t\t\t\t\t<div class=\"elementor-column elementor-col-100 elementor-top-column elementor-element elementor-element-36cbfe3\" data-id=\"36cbfe3\" data-element_type=\"column\" data-e-type=\"column\">\n\t\t\t<div class=\"elementor-widget-wrap elementor-element-populated\">\n\t\t\t\t\t\t<div class=\"elementor-element elementor-element-12d1479 elementor-widget elementor-widget-spacer\" data-id=\"12d1479\" data-element_type=\"widget\" data-e-type=\"widget\" data-widget_type=\"spacer.default\">\n\t\t\t\t<div class=\"elementor-widget-container\">\n\t\t\t\t\t\t\t<div class=\"elementor-spacer\">\n\t\t\t<div class=\"elementor-spacer-inner\"><\/div>\n\t\t<\/div>\n\t\t\t\t\t\t<\/div>\n\t\t\t\t<\/div>\n\t\t\t\t\t<\/div>\n\t\t<\/div>\n\t\t\t\t\t<\/div>\n\t\t<\/section>\n\t\t\t\t<section class=\"elementor-section elementor-top-section elementor-element elementor-element-909dc86 elementor-section-full_width elementor-section-height-default elementor-section-height-default\" data-id=\"909dc86\" data-element_type=\"section\" data-e-type=\"section\" data-settings=\"{&quot;background_background&quot;:&quot;classic&quot;,&quot;_ha_eqh_enable&quot;:false}\">\n\t\t\t\t\t\t<div class=\"elementor-container elementor-column-gap-default\">\n\t\t\t\t\t<div class=\"elementor-column elementor-col-100 elementor-top-column elementor-element elementor-element-e0875f8\" data-id=\"e0875f8\" data-element_type=\"column\" data-e-type=\"column\">\n\t\t\t<div class=\"elementor-widget-wrap elementor-element-populated\">\n\t\t\t\t\t\t<div class=\"elementor-element elementor-element-c47ca96 elementor-widget elementor-widget-heading\" data-id=\"c47ca96\" data-element_type=\"widget\" data-e-type=\"widget\" data-widget_type=\"heading.default\">\n\t\t\t\t<div class=\"elementor-widget-container\">\n\t\t\t\t\t<h1 class=\"elementor-heading-title elementor-size-default\">Legal Notices<\/h1>\t\t\t\t<\/div>\n\t\t\t\t<\/div>\n\t\t\t\t\t<\/div>\n\t\t<\/div>\n\t\t\t\t\t<\/div>\n\t\t<\/section>\n\t\t\t\t<section class=\"elementor-section elementor-top-section elementor-element elementor-element-e2cbda9 elementor-section-full_width elementor-section-height-default elementor-section-height-default\" data-id=\"e2cbda9\" data-element_type=\"section\" data-e-type=\"section\" data-settings=\"{&quot;_ha_eqh_enable&quot;:false}\">\n\t\t\t\t\t\t<div class=\"elementor-container elementor-column-gap-default\">\n\t\t\t\t\t<div class=\"elementor-column elementor-col-100 elementor-top-column elementor-element elementor-element-01339f1\" data-id=\"01339f1\" data-element_type=\"column\" data-e-type=\"column\">\n\t\t\t<div class=\"elementor-widget-wrap elementor-element-populated\">\n\t\t\t\t\t\t<div class=\"elementor-element elementor-element-cc75420 elementor-widget elementor-widget-heading\" data-id=\"cc75420\" data-element_type=\"widget\" data-e-type=\"widget\" data-widget_type=\"heading.default\">\n\t\t\t\t<div class=\"elementor-widget-container\">\n\t\t\t\t\t<h2 class=\"elementor-heading-title elementor-size-default\">PUBLISHER<\/h2>\t\t\t\t<\/div>\n\t\t\t\t<\/div>\n\t\t\t\t<div class=\"elementor-element elementor-element-4312f4d elementor-widget elementor-widget-text-editor\" data-id=\"4312f4d\" data-element_type=\"widget\" data-e-type=\"widget\" data-widget_type=\"text-editor.default\">\n\t\t\t\t<div class=\"elementor-widget-container\">\n\t\t\t\t\t\t\t\t\t<p>The www.triathlondesaintraphael.fr website belongs to Oxyg\u00e8ne Sports Est\u00e9rel, whose head office is located at the following address: Saint-Rapha\u00ebl Triathlon - 21 All\u00e9e Fran\u00e7ois Jouve, 83700 SAINT-RAPHAEL<\/p><p>Responsible Publisher: Denis Mortier<\/p><p>Website Administrator: Sophie Beneult<\/p><p>Photo Credits: \u00a9 Trimax \u2013 Activ Image \/ Saint-Rapha\u00ebl Tourism Office \/ Guillaume Voiturier \/ Franck Cluzel \/ Dronesway<\/p>\t\t\t\t\t\t\t\t<\/div>\n\t\t\t\t<\/div>\n\t\t\t\t<div class=\"elementor-element elementor-element-e991c18 elementor-widget elementor-widget-heading\" data-id=\"e991c18\" data-element_type=\"widget\" data-e-type=\"widget\" data-widget_type=\"heading.default\">\n\t\t\t\t<div class=\"elementor-widget-container\">\n\t\t\t\t\t<h2 class=\"elementor-heading-title elementor-size-default\">HOSTING SERVICE PROVIDER<\/h2>\t\t\t\t<\/div>\n\t\t\t\t<\/div>\n\t\t\t\t<div class=\"elementor-element elementor-element-6013a47 elementor-widget elementor-widget-text-editor\" data-id=\"6013a47\" data-element_type=\"widget\" data-e-type=\"widget\" data-widget_type=\"text-editor.default\">\n\t\t\t\t<div class=\"elementor-widget-container\">\n\t\t\t\t\t\t\t\t\t<p>The website www.triathlondesaintraphael.fr is hosted by LWS (Ligne Web Services), whose registered office is at 4 rue Galvani, 75017 Paris.<\/p>\t\t\t\t\t\t\t\t<\/div>\n\t\t\t\t<\/div>\n\t\t\t\t<div class=\"elementor-element elementor-element-714cac1 elementor-widget elementor-widget-heading\" data-id=\"714cac1\" data-element_type=\"widget\" data-e-type=\"widget\" data-widget_type=\"heading.default\">\n\t\t\t\t<div class=\"elementor-widget-container\">\n\t\t\t\t\t<h2 class=\"elementor-heading-title elementor-size-default\">TERMS AND CONDITIONS OF USE OF THE WEBSITE AND SERVICES<\/h2>\t\t\t\t<\/div>\n\t\t\t\t<\/div>\n\t\t\t\t<div class=\"elementor-element elementor-element-5c9f96a elementor-widget elementor-widget-text-editor\" data-id=\"5c9f96a\" data-element_type=\"widget\" data-e-type=\"widget\" data-widget_type=\"text-editor.default\">\n\t\t\t\t<div class=\"elementor-widget-container\">\n\t\t\t\t\t\t\t\t\t<p>By using the triathlondesaintraphael.fr website, you fully accept the terms and conditions of use specified in the legal notice. The website is accessible to all types of visitors, but please note that interruptions for website maintenance may be decided by the administrator.<\/p><p>In accordance with its communication policy, the purpose of the triathlondesaintraphael.fr site is to inform users of the services offered by the company, which endeavours to provide accurate information. However, inaccuracies or omissions may occur and Oxyg\u00e8ne Sports Est\u00e9rel cannot be held responsible for any errors on the site.<\/p>\t\t\t\t\t\t\t\t<\/div>\n\t\t\t\t<\/div>\n\t\t\t\t<div class=\"elementor-element elementor-element-f39708a elementor-widget elementor-widget-heading\" data-id=\"f39708a\" data-element_type=\"widget\" data-e-type=\"widget\" data-widget_type=\"heading.default\">\n\t\t\t\t<div class=\"elementor-widget-container\">\n\t\t\t\t\t<h2 class=\"elementor-heading-title elementor-size-default\">CONTRACTUAL LIMITATIONS<\/h2>\t\t\t\t<\/div>\n\t\t\t\t<\/div>\n\t\t\t\t<div class=\"elementor-element elementor-element-98fe8bd elementor-widget elementor-widget-text-editor\" data-id=\"98fe8bd\" data-element_type=\"widget\" data-e-type=\"widget\" data-widget_type=\"text-editor.default\">\n\t\t\t\t<div class=\"elementor-widget-container\">\n\t\t\t\t\t\t\t\t\t<p>The information provided on the www.triathlondesaintraphael.fr website is quality controlled to ensure it is reliable. However, the company shall not be liable for any technical inaccuracies found in our explanations. If you notice an error concerning any information, do not hesitate to report it by email to: contact@triathlondesaintraphael.fr<\/p>\t\t\t\t\t\t\t\t<\/div>\n\t\t\t\t<\/div>\n\t\t\t\t<div class=\"elementor-element elementor-element-a8ac411 elementor-widget elementor-widget-heading\" data-id=\"a8ac411\" data-element_type=\"widget\" data-e-type=\"widget\" data-widget_type=\"heading.default\">\n\t\t\t\t<div class=\"elementor-widget-container\">\n\t\t\t\t\t<h2 class=\"elementor-heading-title elementor-size-default\">INTELLECTUAL PROPERTY AND WEBSITE CONTENT<\/h2>\t\t\t\t<\/div>\n\t\t\t\t<\/div>\n\t\t\t\t<div class=\"elementor-element elementor-element-2beabf1 elementor-widget elementor-widget-text-editor\" data-id=\"2beabf1\" data-element_type=\"widget\" data-e-type=\"widget\" data-widget_type=\"text-editor.default\">\n\t\t\t\t<div class=\"elementor-widget-container\">\n\t\t\t\t\t\t\t\t\t<p>The content of the www.triathlondesaintraphael.fr website is the exclusive property of Oxyg\u00e8ne Sports Est\u00e9rel. Any infringement of copyright is punishable under article L.335-2 of the French Intellectual Property Code, with a penalty of 2 years' imprisonment and a fine of \u20ac150,000. By browsing the www.triathlondesaintraphael.fr website, users also accept that cookies may be installed on their computer.<\/p>\t\t\t\t\t\t\t\t<\/div>\n\t\t\t\t<\/div>\n\t\t\t\t<div class=\"elementor-element elementor-element-ab1f535 elementor-widget elementor-widget-heading\" data-id=\"ab1f535\" data-element_type=\"widget\" data-e-type=\"widget\" data-widget_type=\"heading.default\">\n\t\t\t\t<div class=\"elementor-widget-container\">\n\t\t\t\t\t<h2 class=\"elementor-heading-title elementor-size-default\">PERSONAL DATA PROTECTION<\/h2>\t\t\t\t<\/div>\n\t\t\t\t<\/div>\n\t\t\t\t<div class=\"elementor-element elementor-element-94647b3 elementor-widget elementor-widget-text-editor\" data-id=\"94647b3\" data-element_type=\"widget\" data-e-type=\"widget\" data-widget_type=\"text-editor.default\">\n\t\t\t\t<div class=\"elementor-widget-container\">\n\t\t\t\t\t\t\t\t\t<p>All information collected on the www.triathlondesaintraphael.fr website is for the purposes of using the contact form. Oxyg\u00e8ne Sports Est\u00e9rel undertakes under no circumstances to pass on information concerning users of the website in any way whatsoever (sale, exchange, loan, hire, donation). All personal data collected is treated with the strictest confidentiality. In particular, the company undertakes to respect the confidentiality of e-mail messages sent by electronic mail.<\/p><p>In accordance with the French Data Protection Act 78-17 of 6 January 1978, as amended, you have the right to object to processing (Art. 38), access (Art. 39), and obtain the rectification or erasure (Art. 40) of data concerning you. You can exercise these rights at any time by writing to Stade Nautique Alain Ch\u00e2teigner, avenue de l\u2019Europe, 83700 Saint-Rapha\u00ebl or by emailing: contact@triathlondesaintraphael.fr<\/p>\t\t\t\t\t\t\t\t<\/div>\n\t\t\t\t<\/div>\n\t\t\t\t\t<\/div>\n\t\t<\/div>\n\t\t\t\t\t<\/div>\n\t\t<\/section>\n\t\t\t\t<\/div>","protected":false},"excerpt":{"rendered":"<p>LEGAL INFORMATION PUBLISHER The www.triathlondesaintraphael.fr website belongs to Oxyg\u00e8ne Sports Est\u00e9rel, whose registered office is located at the following address: Saint-Rapha\u00ebl Triathlon - 21 All\u00e9e Fran\u00e7ois Jouve, 83700 SAINT-RAPHAEL Publication director: Denis Mortier Site administration manager: Sophie BENEULT Photo credits: \u00a9 Trimax - Activ Image \/ Office...<\/p>","protected":false},"author":2,"featured_media":0,"parent":0,"menu_order":0,"comment_status":"closed","ping_status":"closed","template":"","meta":{"footnotes":""},"class_list":["post-67","page","type-page","status-publish","hentry"],"yoast_head":"<!-- This site is optimized with the Yoast SEO plugin v27.4 - https:\/\/yoast.com\/product\/yoast-seo-wordpress\/ -->\n<title>Mentions l\u00e9gales -<\/title>\n<meta name=\"robots\" content=\"noindex, follow\" \/>\n<meta property=\"og:locale\" content=\"en_GB\" \/>\n<meta property=\"og:type\" content=\"article\" \/>\n<meta property=\"og:title\" content=\"Mentions l\u00e9gales -\" \/>\n<meta property=\"og:description\" content=\"MENTIONS L\u00c9GALES \u00c9DITEUR Le site www.triathlondesaintraphael.fr appartient a Oxyg\u00e8ne Sports Est\u00e9rel, dont le si\u00e8ge social est situ\u00e9 \u00e0 l\u2019adresse suivante : Saint-Rapha\u00ebl Triathlon \u2013 21 All\u00e9e Fran\u00e7ois Jouve, 83700 SAINT-RAPHAEL Le directeur de la publication\u00a0: Denis Mortier La responsable de l\u2019administration du site\u00a0: Sophie BENEULT Cr\u00e9dit photos : \u00a9 Trimax \u2013 Activ Image \/ Office&hellip;\" \/>\n<meta property=\"og:url\" content=\"https:\/\/triathlondesaintraphael.fr\/en\/mentions-legales\/\" \/>\n<meta property=\"article:publisher\" content=\"https:\/\/www.facebook.com\/TriathlonDeSaintRaphael\/\" \/>\n<meta property=\"article:modified_time\" content=\"2026-02-12T14:22:39+00:00\" \/>\n<meta property=\"og:image\" content=\"https:\/\/triathlondesaintraphael.fr\/wp-content\/uploads\/2019\/02\/st-raphael-triathlon-favicon.jpg\" \/>\n\t<meta property=\"og:image:width\" content=\"192\" \/>\n\t<meta property=\"og:image:height\" content=\"192\" \/>\n\t<meta property=\"og:image:type\" content=\"image\/jpeg\" \/>\n<meta name=\"twitter:label1\" content=\"Estimated reading time\" \/>\n\t<meta name=\"twitter:data1\" content=\"3 minutes\" \/>\n<script type=\"application\/ld+json\" class=\"yoast-schema-graph\">{\"@context\":\"https:\\\/\\\/schema.org\",\"@graph\":[{\"@type\":\"WebPage\",\"@id\":\"https:\\\/\\\/triathlondesaintraphael.fr\\\/mentions-legales\\\/\",\"url\":\"https:\\\/\\\/triathlondesaintraphael.fr\\\/mentions-legales\\\/\",\"name\":\"Mentions l\u00e9gales -\",\"isPartOf\":{\"@id\":\"https:\\\/\\\/triathlondesaintraphael.fr\\\/#website\"},\"datePublished\":\"2019-02-07T13:46:10+00:00\",\"dateModified\":\"2026-02-12T14:22:39+00:00\",\"breadcrumb\":{\"@id\":\"https:\\\/\\\/triathlondesaintraphael.fr\\\/mentions-legales\\\/#breadcrumb\"},\"inLanguage\":\"en-GB\",\"potentialAction\":[{\"@type\":\"ReadAction\",\"target\":[\"https:\\\/\\\/triathlondesaintraphael.fr\\\/mentions-legales\\\/\"]}]},{\"@type\":\"BreadcrumbList\",\"@id\":\"https:\\\/\\\/triathlondesaintraphael.fr\\\/mentions-legales\\\/#breadcrumb\",\"itemListElement\":[{\"@type\":\"ListItem\",\"position\":1,\"name\":\"Accueil\",\"item\":\"https:\\\/\\\/triathlondesaintraphael.fr\\\/\"},{\"@type\":\"ListItem\",\"position\":2,\"name\":\"Mentions l\u00e9gales\"}]},{\"@type\":\"WebSite\",\"@id\":\"https:\\\/\\\/triathlondesaintraphael.fr\\\/#website\",\"url\":\"https:\\\/\\\/triathlondesaintraphael.fr\\\/\",\"name\":\"\",\"description\":\"\",\"potentialAction\":[{\"@type\":\"SearchAction\",\"target\":{\"@type\":\"EntryPoint\",\"urlTemplate\":\"https:\\\/\\\/triathlondesaintraphael.fr\\\/?s={search_term_string}\"},\"query-input\":{\"@type\":\"PropertyValueSpecification\",\"valueRequired\":true,\"valueName\":\"search_term_string\"}}],\"inLanguage\":\"en-GB\"}]}<\/script>\n<!-- \/ Yoast SEO plugin. -->","yoast_head_json":{"title":"Legal information -","robots":{"index":"noindex","follow":"follow"},"og_locale":"en_GB","og_type":"article","og_title":"Mentions l\u00e9gales -","og_description":"MENTIONS L\u00c9GALES \u00c9DITEUR Le site www.triathlondesaintraphael.fr appartient a Oxyg\u00e8ne Sports Est\u00e9rel, dont le si\u00e8ge social est situ\u00e9 \u00e0 l\u2019adresse suivante : Saint-Rapha\u00ebl Triathlon \u2013 21 All\u00e9e Fran\u00e7ois Jouve, 83700 SAINT-RAPHAEL Le directeur de la publication\u00a0: Denis Mortier La responsable de l\u2019administration du site\u00a0: Sophie BENEULT Cr\u00e9dit photos : \u00a9 Trimax \u2013 Activ Image \/ Office&hellip;","og_url":"https:\/\/triathlondesaintraphael.fr\/en\/mentions-legales\/","article_publisher":"https:\/\/www.facebook.com\/TriathlonDeSaintRaphael\/","article_modified_time":"2026-02-12T14:22:39+00:00","og_image":[{"width":192,"height":192,"url":"https:\/\/triathlondesaintraphael.fr\/wp-content\/uploads\/2019\/02\/st-raphael-triathlon-favicon.jpg","type":"image\/jpeg"}],"twitter_misc":{"Estimated reading time":"3 minutes"},"schema":{"@context":"https:\/\/schema.org","@graph":[{"@type":"WebPage","@id":"https:\/\/triathlondesaintraphael.fr\/mentions-legales\/","url":"https:\/\/triathlondesaintraphael.fr\/mentions-legales\/","name":"Legal information -","isPartOf":{"@id":"https:\/\/triathlondesaintraphael.fr\/#website"},"datePublished":"2019-02-07T13:46:10+00:00","dateModified":"2026-02-12T14:22:39+00:00","breadcrumb":{"@id":"https:\/\/triathlondesaintraphael.fr\/mentions-legales\/#breadcrumb"},"inLanguage":"en-GB","potentialAction":[{"@type":"ReadAction","target":["https:\/\/triathlondesaintraphael.fr\/mentions-legales\/"]}]},{"@type":"BreadcrumbList","@id":"https:\/\/triathlondesaintraphael.fr\/mentions-legales\/#breadcrumb","itemListElement":[{"@type":"ListItem","position":1,"name":"Accueil","item":"https:\/\/triathlondesaintraphael.fr\/"},{"@type":"ListItem","position":2,"name":"Mentions l\u00e9gales"}]},{"@type":"WebSite","@id":"https:\/\/triathlondesaintraphael.fr\/#website","url":"https:\/\/triathlondesaintraphael.fr\/","name":"","description":"","potentialAction":[{"@type":"SearchAction","target":{"@type":"EntryPoint","urlTemplate":"https:\/\/triathlondesaintraphael.fr\/?s={search_term_string}"},"query-input":{"@type":"PropertyValueSpecification","valueRequired":true,"valueName":"search_term_string"}}],"inLanguage":"en-GB"}]}},"_links":{"self":[{"href":"https:\/\/triathlondesaintraphael.fr\/en\/wp-json\/wp\/v2\/pages\/67","targetHints":{"allow":["GET"]}}],"collection":[{"href":"https:\/\/triathlondesaintraphael.fr\/en\/wp-json\/wp\/v2\/pages"}],"about":[{"href":"https:\/\/triathlondesaintraphael.fr\/en\/wp-json\/wp\/v2\/types\/page"}],"author":[{"embeddable":true,"href":"https:\/\/triathlondesaintraphael.fr\/en\/wp-json\/wp\/v2\/users\/2"}],"replies":[{"embeddable":true,"href":"https:\/\/triathlondesaintraphael.fr\/en\/wp-json\/wp\/v2\/comments?post=67"}],"version-history":[{"count":22,"href":"https:\/\/triathlondesaintraphael.fr\/en\/wp-json\/wp\/v2\/pages\/67\/revisions"}],"predecessor-version":[{"id":829210,"href":"https:\/\/triathlondesaintraphael.fr\/en\/wp-json\/wp\/v2\/pages\/67\/revisions\/829210"}],"wp:attachment":[{"href":"https:\/\/triathlondesaintraphael.fr\/en\/wp-json\/wp\/v2\/media?parent=67"}],"curies":[{"name":"wp","href":"https:\/\/api.w.org\/{rel}","templated":true}]}}